{"id":167845,"date":"2026-01-02T16:40:59","date_gmt":"2026-01-02T16:40:59","guid":{"rendered":"https:\/\/martapremium.com\/product\/munequera-circular-medilast-grande-unidades\/"},"modified":"2026-01-02T16:41:00","modified_gmt":"2026-01-02T16:41:00","slug":"munequera-circular-medilast-grande-unidades","status":"publish","type":"product","link":"https:\/\/staging.martapremium.com\/pt-pt\/product\/munequera-circular-medilast-grande-unidades\/","title":{"rendered":"Mu\u00f1equera Circular Medilast Grande Unidades"},"content":{"rendered":"<p>Puedes comprar el Mu\u00f1equera Circular Medilast Grande de MEDILAST al mejor precio en nuestra parafarmacia online. Si quieres conocer como Mu\u00f1equera Circular Medilast Grande Unidades, puede ayudarte, aqu\u00ed te explicamos como funciona y que hace. Este producto aporta protecci\u00f3n a los ligamentos de la mu\u00f1eca, ayuda a prevenir posibles lesiones e incluso en caso de la misma favorece la curaci\u00f3n. Es flexible, transpirable y muy suave al tacto. No ocasiona irritaci\u00f3n ni picor en la piel, este producto fue desarrollado para su uso prolongado. En cuanto a su dise\u00f1o es de color beis y posee un cierre de velcro para facilitar su colocaci\u00f3n. Todos los productos con los que contamos de la marca MEDILAST, est\u00e1n probados y cuidadosamente elegidos para ofrecer el mejor resultado. Contamos con los mejores productos de la marca MEDILAST.<\/p>\n","protected":false},"excerpt":{"rendered":"<p data-start=\"53\" data-end=\"207\"><strong data-start=\"53\" data-end=\"205\">From the brand Medilast. A wristband that provides the proper support to help treat tendon injuries in the area. If you need assistance, contact us.<\/strong><\/p>\n<p data-start=\"209\" data-end=\"323\" data-is-last-node=\"\" data-is-only-node=\"\">\n","protected":false},"featured_media":82445,"comment_status":"open","ping_status":"closed","template":"","meta":[],"product_brand":[],"product_cat":[52744,52745],"product_tag":[54474],"class_list":{"0":"post-167845","1":"product","2":"type-product","3":"status-publish","4":"has-post-thumbnail","6":"product_cat-other","7":"product_cat-parapharmacy","8":"product_tag-munequera-circular-medilast-grande-unidades","10":"first","11":"instock","12":"sale","13":"taxable","14":"shipping-taxable","15":"purchasable","16":"product-type-simple"},"_links":{"self":[{"href":"https:\/\/staging.martapremium.com\/pt-pt\/wp-json\/wp\/v2\/product\/167845","targetHints":{"allow":["GET"]}}],"collection":[{"href":"https:\/\/staging.martapremium.com\/pt-pt\/wp-json\/wp\/v2\/product"}],"about":[{"href":"https:\/\/staging.martapremium.com\/pt-pt\/wp-json\/wp\/v2\/types\/product"}],"replies":[{"embeddable":true,"href":"https:\/\/staging.martapremium.com\/pt-pt\/wp-json\/wp\/v2\/comments?post=167845"}],"wp:featuredmedia":[{"embeddable":true,"href":"https:\/\/staging.martapremium.com\/pt-pt\/wp-json\/wp\/v2\/media\/82445"}],"wp:attachment":[{"href":"https:\/\/staging.martapremium.com\/pt-pt\/wp-json\/wp\/v2\/media?parent=167845"}],"wp:term":[{"taxonomy":"product_brand","embeddable":true,"href":"https:\/\/staging.martapremium.com\/pt-pt\/wp-json\/wp\/v2\/product_brand?post=167845"},{"taxonomy":"product_cat","embeddable":true,"href":"https:\/\/staging.martapremium.com\/pt-pt\/wp-json\/wp\/v2\/product_cat?post=167845"},{"taxonomy":"product_tag","embeddable":true,"href":"https:\/\/staging.martapremium.com\/pt-pt\/wp-json\/wp\/v2\/product_tag?post=167845"}],"curies":[{"name":"wp","href":"https:\/\/api.w.org\/{rel}","templated":true}]}}