{"id":162224,"date":"2026-01-02T13:45:52","date_gmt":"2026-01-02T13:45:52","guid":{"rendered":"https:\/\/martapremium.com\/product\/opi-nail-lacquer-esmalte-de-unas-duracion-hasta-7-dias-cia-color-is-awesome-15ml\/"},"modified":"2026-01-02T13:45:53","modified_gmt":"2026-01-02T13:45:53","slug":"opi-nail-lacquer-esmalte-de-unas-duracion-hasta-7-dias-cia-color-is-awesome-15ml","status":"publish","type":"product","link":"https:\/\/staging.martapremium.com\/pt-pt\/product\/opi-nail-lacquer-esmalte-de-unas-duracion-hasta-7-dias-cia-color-is-awesome-15ml\/","title":{"rendered":"Opi Nail Lacquer Esmalte De U\u00f1as Duraci\u00f3n Hasta 7 D\u00edas Cia = Color Is Awesome 15ml"},"content":{"rendered":"","protected":false},"excerpt":{"rendered":"","protected":false},"featured_media":75449,"comment_status":"open","ping_status":"closed","template":"","meta":[],"product_brand":[],"product_cat":[52753],"product_tag":[],"class_list":{"0":"post-162224","1":"product","2":"type-product","3":"status-publish","4":"has-post-thumbnail","6":"product_cat-makeup","8":"first","9":"instock","10":"sale","11":"taxable","12":"shipping-taxable","13":"purchasable","14":"product-type-simple"},"_links":{"self":[{"href":"https:\/\/staging.martapremium.com\/pt-pt\/wp-json\/wp\/v2\/product\/162224","targetHints":{"allow":["GET"]}}],"collection":[{"href":"https:\/\/staging.martapremium.com\/pt-pt\/wp-json\/wp\/v2\/product"}],"about":[{"href":"https:\/\/staging.martapremium.com\/pt-pt\/wp-json\/wp\/v2\/types\/product"}],"replies":[{"embeddable":true,"href":"https:\/\/staging.martapremium.com\/pt-pt\/wp-json\/wp\/v2\/comments?post=162224"}],"wp:featuredmedia":[{"embeddable":true,"href":"https:\/\/staging.martapremium.com\/pt-pt\/wp-json\/wp\/v2\/media\/75449"}],"wp:attachment":[{"href":"https:\/\/staging.martapremium.com\/pt-pt\/wp-json\/wp\/v2\/media?parent=162224"}],"wp:term":[{"taxonomy":"product_brand","embeddable":true,"href":"https:\/\/staging.martapremium.com\/pt-pt\/wp-json\/wp\/v2\/product_brand?post=162224"},{"taxonomy":"product_cat","embeddable":true,"href":"https:\/\/staging.martapremium.com\/pt-pt\/wp-json\/wp\/v2\/product_cat?post=162224"},{"taxonomy":"product_tag","embeddable":true,"href":"https:\/\/staging.martapremium.com\/pt-pt\/wp-json\/wp\/v2\/product_tag?post=162224"}],"curies":[{"name":"wp","href":"https:\/\/api.w.org\/{rel}","templated":true}]}}