{"id":154052,"date":"2025-12-26T13:07:15","date_gmt":"2025-12-26T13:07:15","guid":{"rendered":"https:\/\/martapremium.com\/product\/sesderma-repaskin-invisible-fluid-spf50-50ml\/"},"modified":"2025-12-26T13:07:42","modified_gmt":"2025-12-26T13:07:42","slug":"sesderma-repaskin-invisible-fluid-spf50-50ml","status":"publish","type":"product","link":"https:\/\/staging.martapremium.com\/pt-pt\/product\/sesderma-repaskin-invisible-fluid-spf50-50ml\/","title":{"rendered":"Sesderma Repaskin Invisible Fluid Spf50+ 50ml"},"content":{"rendered":"<h2 data-start=\"111\" data-end=\"137\"><strong data-start=\"117\" data-end=\"137\">Description<\/strong><\/h2>\n<p data-start=\"139\" data-end=\"458\">La <strong data-start=\"142\" data-end=\"191\">Sesderma Repaskin Invisible Fluid SPF50+ 50ml<\/strong> es un <strong data-start=\"198\" data-end=\"265\">fotoprotector facial de textura ultraligera y acabado invisible<\/strong>, dise\u00f1ado para ofrecer una <strong data-start=\"293\" data-end=\"322\">protecci\u00f3n solar muy alta<\/strong> frente a los rayos <strong data-start=\"342\" data-end=\"373\">UVA, UVB e infrarrojos (IR)<\/strong>, al tiempo que ayuda a <strong data-start=\"397\" data-end=\"455\">reparar el da\u00f1o celular causado por la radiaci\u00f3n solar<\/strong>.<\/p>\n<p data-start=\"460\" data-end=\"687\">Formulado con la innovadora <strong data-start=\"488\" data-end=\"516\">tecnolog\u00eda Shield-System<\/strong>, combina <strong data-start=\"526\" data-end=\"575\">filtros f\u00edsicos y qu\u00edmicos de amplio espectro<\/strong> con <strong data-start=\"580\" data-end=\"611\">enzimas reparadoras del ADN<\/strong>, que ayudan a reducir el da\u00f1o oxidativo y prevenir el fotoenvejecimiento.<\/p>\n<p data-start=\"689\" data-end=\"931\">Su textura <strong data-start=\"700\" data-end=\"725\">fluida y transparente<\/strong> se absorbe r\u00e1pidamente sin dejar residuos blancos ni sensaci\u00f3n grasa, adapt\u00e1ndose perfectamente a todo tipo de pieles, incluso las <strong data-start=\"857\" data-end=\"876\">mixtas y grasas<\/strong>. Ideal para el uso diario y como base de maquillaje.<\/p>\n<p data-start=\"933\" data-end=\"962\"><strong data-start=\"933\" data-end=\"960\">Beneficios principales:<\/strong><\/p>\n<ul data-start=\"963\" data-end=\"1224\">\n<li data-start=\"963\" data-end=\"1000\">\n<p data-start=\"965\" data-end=\"1000\">Protecci\u00f3n solar muy alta SPF50+.<\/p>\n<\/li>\n<li data-start=\"1001\" data-end=\"1040\">\n<p data-start=\"1003\" data-end=\"1040\">Textura fluida, ligera e invisible.<\/p>\n<\/li>\n<li data-start=\"1041\" data-end=\"1076\">\n<p data-start=\"1043\" data-end=\"1076\">Repara el da\u00f1o solar acumulado.<\/p>\n<\/li>\n<li data-start=\"1077\" data-end=\"1128\">\n<p data-start=\"1079\" data-end=\"1128\">Previene manchas, arrugas y p\u00e9rdida de firmeza.<\/p>\n<\/li>\n<li data-start=\"1129\" data-end=\"1166\">\n<p data-start=\"1131\" data-end=\"1166\">Apta para pieles mixtas y grasas.<\/p>\n<\/li>\n<li data-start=\"1167\" data-end=\"1224\">\n<p data-start=\"1169\" data-end=\"1224\">Ideal para uso urbano o exposici\u00f3n prolongada al sol.<\/p>\n<\/li>\n<\/ul>\n","protected":false},"excerpt":{"rendered":"<table class=\"a-normal a-spacing-micro\" role=\"list\">\n<tbody>\n<tr class=\"a-spacing-small po-scent\" role=\"listitem\">\n<td class=\"a-span3\" role=\"presentation\"><span class=\"a-size-base a-text-bold\">Scent<\/span><\/td>\n<td class=\"a-span9\" role=\"presentation\"><span class=\"a-size-base po-break-word\">Unscented<\/span><\/td>\n<\/tr>\n<tr class=\"a-spacing-small po-product_benefit\" role=\"listitem\">\n<td class=\"a-span3\" role=\"presentation\"><span class=\"a-size-base a-text-bold\">Product benefits<\/span><\/td>\n<td class=\"a-span9\" role=\"presentation\"><span class=\"a-size-base po-break-word\">SPF 30 protection<\/span><\/td>\n<\/tr>\n<tr class=\"a-spacing-small po-sun_protection_factor\" role=\"listitem\">\n<td class=\"a-span3\" role=\"presentation\"><span class=\"a-size-base a-text-bold\">Sun Protection Factor<\/span><\/td>\n<td class=\"a-span9\" role=\"presentation\"><span class=\"a-size-base po-break-word\">30 Sun Protection Factor (SPF)<\/span><\/td>\n<\/tr>\n<tr class=\"a-spacing-small po-item_weight\" role=\"listitem\">\n<td class=\"a-span3\" role=\"presentation\"><span class=\"a-size-base a-text-bold\">Item weight<\/span><\/td>\n<td class=\"a-span9\" role=\"presentation\"><span class=\"a-size-base po-break-word\">80 Grams<\/span><\/td>\n<\/tr>\n<tr class=\"a-spacing-small po-number_of_items\" role=\"listitem\">\n<td class=\"a-span3\" role=\"presentation\"><span class=\"a-size-base a-text-bold\">Number of items<\/span><\/td>\n<td class=\"a-span9\" role=\"presentation\"><span class=\"a-size-base po-break-word\">1<\/span><\/td>\n<\/tr>\n<tr class=\"a-spacing-small po-unit_count\" role=\"listitem\">\n<td class=\"a-span3\" role=\"presentation\"><span class=\"a-size-base a-text-bold\">Unit count<\/span><\/td>\n<td class=\"a-span9\" role=\"presentation\"><span class=\"a-size-base po-break-word\">1 unit\u00e9<\/span><\/td>\n<\/tr>\n<tr class=\"a-spacing-small po-skin_type\" role=\"listitem\">\n<td class=\"a-span3\" role=\"presentation\"><span class=\"a-size-base a-text-bold\">Skin type<\/span><\/td>\n<td class=\"a-span9\" role=\"presentation\"><span class=\"a-size-base po-break-word\">Sensitive, all<\/span><\/td>\n<\/tr>\n<tr class=\"a-spacing-small po-item_dimensions\" role=\"listitem\">\n<td class=\"a-span3\" role=\"presentation\"><span class=\"a-size-base a-text-bold\">Item dimensions L x W x H<\/span><\/td>\n<td class=\"a-span9\" role=\"presentation\"><span class=\"a-size-base po-break-word\">18 x 10 x 30 centimetres<\/span><\/td>\n<\/tr>\n<tr class=\"a-spacing-small po-brand\" role=\"listitem\">\n<td class=\"a-span3\" role=\"presentation\"><span class=\"a-size-base a-text-bold\">Brand<\/span><\/td>\n<td class=\"a-span9\" role=\"presentation\"><span class=\"a-size-base po-break-word\">SESDERMA<\/span><\/td>\n<\/tr>\n<tr class=\"a-spacing-small po-item_volume\" role=\"listitem\">\n<td class=\"a-span3\" role=\"presentation\"><span class=\"a-size-base a-text-bold\">Item volume<\/span><\/td>\n<td class=\"a-span9\" role=\"presentation\"><span class=\"a-size-base po-break-word\">50 Millilitres<\/span><\/td>\n<\/tr>\n<\/tbody>\n<\/table>\n","protected":false},"featured_media":67550,"comment_status":"open","ping_status":"closed","template":"","meta":[],"product_brand":[],"product_cat":[36727],"product_tag":[52562,52563,52564,37072,37559,52565],"class_list":{"0":"post-154052","1":"product","2":"type-product","3":"status-publish","4":"has-post-thumbnail","6":"product_cat-chocolate-confectionary","7":"product_tag-fluido-invisible","8":"product_tag-protector-solar-facial","9":"product_tag-repaskin","10":"product_tag-sesderma","11":"product_tag-spf50","12":"product_tag-textura-ligera","14":"first","15":"instock","16":"sale","17":"taxable","18":"shipping-taxable","19":"purchasable","20":"product-type-simple"},"_links":{"self":[{"href":"https:\/\/staging.martapremium.com\/pt-pt\/wp-json\/wp\/v2\/product\/154052","targetHints":{"allow":["GET"]}}],"collection":[{"href":"https:\/\/staging.martapremium.com\/pt-pt\/wp-json\/wp\/v2\/product"}],"about":[{"href":"https:\/\/staging.martapremium.com\/pt-pt\/wp-json\/wp\/v2\/types\/product"}],"replies":[{"embeddable":true,"href":"https:\/\/staging.martapremium.com\/pt-pt\/wp-json\/wp\/v2\/comments?post=154052"}],"wp:featuredmedia":[{"embeddable":true,"href":"https:\/\/staging.martapremium.com\/pt-pt\/wp-json\/wp\/v2\/media\/67550"}],"wp:attachment":[{"href":"https:\/\/staging.martapremium.com\/pt-pt\/wp-json\/wp\/v2\/media?parent=154052"}],"wp:term":[{"taxonomy":"product_brand","embeddable":true,"href":"https:\/\/staging.martapremium.com\/pt-pt\/wp-json\/wp\/v2\/product_brand?post=154052"},{"taxonomy":"product_cat","embeddable":true,"href":"https:\/\/staging.martapremium.com\/pt-pt\/wp-json\/wp\/v2\/product_cat?post=154052"},{"taxonomy":"product_tag","embeddable":true,"href":"https:\/\/staging.martapremium.com\/pt-pt\/wp-json\/wp\/v2\/product_tag?post=154052"}],"curies":[{"name":"wp","href":"https:\/\/api.w.org\/{rel}","templated":true}]}}