{"id":162218,"date":"2026-01-02T13:45:47","date_gmt":"2026-01-02T13:45:47","guid":{"rendered":"https:\/\/martapremium.com\/product\/opi-nail-lacquer-esmalte-de-unas-duracion-hasta-7-dias-suzi-the-first-lady-of-nails-15ml\/"},"modified":"2026-01-02T13:45:48","modified_gmt":"2026-01-02T13:45:48","slug":"opi-nail-lacquer-esmalte-de-unas-duracion-hasta-7-dias-suzi-the-first-lady-of-nails-15ml","status":"publish","type":"product","link":"https:\/\/staging.martapremium.com\/fr\/product\/opi-nail-lacquer-esmalte-de-unas-duracion-hasta-7-dias-suzi-the-first-lady-of-nails-15ml\/","title":{"rendered":"Opi Nail Lacquer Esmalte De U\u00f1as Duraci\u00f3n Hasta 7 D\u00edas Suzi The First Lady Of Nails 15ml"},"content":{"rendered":"","protected":false},"excerpt":{"rendered":"","protected":false},"featured_media":75443,"comment_status":"open","ping_status":"closed","template":"","meta":[],"product_brand":[],"product_cat":[52753,54355],"product_tag":[],"class_list":{"0":"post-162218","1":"product","2":"type-product","3":"status-publish","4":"has-post-thumbnail","6":"product_cat-makeup","7":"product_cat-nails-makeup","9":"first","10":"instock","11":"sale","12":"taxable","13":"shipping-taxable","14":"purchasable","15":"product-type-simple"},"_links":{"self":[{"href":"https:\/\/staging.martapremium.com\/fr\/wp-json\/wp\/v2\/product\/162218","targetHints":{"allow":["GET"]}}],"collection":[{"href":"https:\/\/staging.martapremium.com\/fr\/wp-json\/wp\/v2\/product"}],"about":[{"href":"https:\/\/staging.martapremium.com\/fr\/wp-json\/wp\/v2\/types\/product"}],"replies":[{"embeddable":true,"href":"https:\/\/staging.martapremium.com\/fr\/wp-json\/wp\/v2\/comments?post=162218"}],"wp:featuredmedia":[{"embeddable":true,"href":"https:\/\/staging.martapremium.com\/fr\/wp-json\/wp\/v2\/media\/75443"}],"wp:attachment":[{"href":"https:\/\/staging.martapremium.com\/fr\/wp-json\/wp\/v2\/media?parent=162218"}],"wp:term":[{"taxonomy":"product_brand","embeddable":true,"href":"https:\/\/staging.martapremium.com\/fr\/wp-json\/wp\/v2\/product_brand?post=162218"},{"taxonomy":"product_cat","embeddable":true,"href":"https:\/\/staging.martapremium.com\/fr\/wp-json\/wp\/v2\/product_cat?post=162218"},{"taxonomy":"product_tag","embeddable":true,"href":"https:\/\/staging.martapremium.com\/fr\/wp-json\/wp\/v2\/product_tag?post=162218"}],"curies":[{"name":"wp","href":"https:\/\/api.w.org\/{rel}","templated":true}]}}