{"id":162216,"date":"2026-01-02T13:45:45","date_gmt":"2026-01-02T13:45:45","guid":{"rendered":"https:\/\/martapremium.com\/product\/opi-nail-lacquer-esmalte-de-unas-duracion-hasta-7-dias-less-is-norse-15ml\/"},"modified":"2026-01-02T13:45:46","modified_gmt":"2026-01-02T13:45:46","slug":"opi-nail-lacquer-esmalte-de-unas-duracion-hasta-7-dias-less-is-norse-15ml","status":"publish","type":"product","link":"https:\/\/staging.martapremium.com\/fr\/product\/opi-nail-lacquer-esmalte-de-unas-duracion-hasta-7-dias-less-is-norse-15ml\/","title":{"rendered":"Opi Nail Lacquer Esmalte De U\u00f1as Duraci\u00f3n Hasta 7 D\u00edas Less Is Norse 15ml"},"content":{"rendered":"","protected":false},"excerpt":{"rendered":"","protected":false},"featured_media":75441,"comment_status":"open","ping_status":"closed","template":"","meta":[],"product_brand":[],"product_cat":[52753],"product_tag":[],"class_list":{"0":"post-162216","1":"product","2":"type-product","3":"status-publish","4":"has-post-thumbnail","6":"product_cat-makeup","8":"first","9":"instock","10":"sale","11":"taxable","12":"shipping-taxable","13":"purchasable","14":"product-type-simple"},"_links":{"self":[{"href":"https:\/\/staging.martapremium.com\/fr\/wp-json\/wp\/v2\/product\/162216","targetHints":{"allow":["GET"]}}],"collection":[{"href":"https:\/\/staging.martapremium.com\/fr\/wp-json\/wp\/v2\/product"}],"about":[{"href":"https:\/\/staging.martapremium.com\/fr\/wp-json\/wp\/v2\/types\/product"}],"replies":[{"embeddable":true,"href":"https:\/\/staging.martapremium.com\/fr\/wp-json\/wp\/v2\/comments?post=162216"}],"wp:featuredmedia":[{"embeddable":true,"href":"https:\/\/staging.martapremium.com\/fr\/wp-json\/wp\/v2\/media\/75441"}],"wp:attachment":[{"href":"https:\/\/staging.martapremium.com\/fr\/wp-json\/wp\/v2\/media?parent=162216"}],"wp:term":[{"taxonomy":"product_brand","embeddable":true,"href":"https:\/\/staging.martapremium.com\/fr\/wp-json\/wp\/v2\/product_brand?post=162216"},{"taxonomy":"product_cat","embeddable":true,"href":"https:\/\/staging.martapremium.com\/fr\/wp-json\/wp\/v2\/product_cat?post=162216"},{"taxonomy":"product_tag","embeddable":true,"href":"https:\/\/staging.martapremium.com\/fr\/wp-json\/wp\/v2\/product_tag?post=162216"}],"curies":[{"name":"wp","href":"https:\/\/api.w.org\/{rel}","templated":true}]}}