{"id":157914,"date":"2026-01-02T10:57:01","date_gmt":"2026-01-02T10:57:01","guid":{"rendered":"https:\/\/martapremium.com\/product\/genove-genocutan-gel-dermatologico-750ml\/"},"modified":"2026-01-02T10:57:02","modified_gmt":"2026-01-02T10:57:02","slug":"genove-genocutan-gel-dermatologico-750ml","status":"publish","type":"product","link":"https:\/\/staging.martapremium.com\/fr\/product\/genove-genocutan-gel-dermatologico-750ml\/","title":{"rendered":"Genov\u00e9 Genocut\u00e1n Gel Dermatol\u00f3gico 750ml"},"content":{"rendered":"<h3>Product Description<\/h3>\n<p>Genocutan Dermatological Gel 750 ml for 2. GENOVE is a company that supplies GENOVE &#8211; GENOCUTAN GEL BA\/O CREM 750. GENOVE is a reliable partner, you can trust! All Genove products provide you with the quality you need.<\/p>\n<h3>Safety Warning<\/h3>\n<p>Consult packaging<\/p>\n","protected":false},"excerpt":{"rendered":"<table class=\"a-normal a-spacing-micro\" role=\"list\">\n<tbody>\n<tr class=\"a-spacing-small po-brand\" role=\"listitem\">\n<td class=\"a-span3\" role=\"presentation\"><span class=\"a-size-base a-text-bold\">Brand<\/span><\/td>\n<td class=\"a-span9\" role=\"presentation\"><span class=\"a-size-base po-break-word\">Genov\u00e9<\/span><\/td>\n<\/tr>\n<tr class=\"a-spacing-small po-item_weight\" role=\"listitem\">\n<td class=\"a-span3\" role=\"presentation\"><span class=\"a-size-base a-text-bold\">Item weight<\/span><\/td>\n<td class=\"a-span9\" role=\"presentation\"><span class=\"a-size-base po-break-word\">1 Grams<\/span><\/td>\n<\/tr>\n<tr class=\"a-spacing-small po-scent\" role=\"listitem\">\n<td class=\"a-span3\" role=\"presentation\"><span class=\"a-size-base a-text-bold\">Scent<\/span><\/td>\n<td class=\"a-span9\" role=\"presentation\"><span class=\"a-size-base po-break-word\">Unscented<\/span><\/td>\n<\/tr>\n<tr class=\"a-spacing-small po-skin_type\" role=\"listitem\">\n<td class=\"a-span3\" role=\"presentation\"><span class=\"a-size-base a-text-bold\">Skin type<\/span><\/td>\n<td class=\"a-span9\" role=\"presentation\"><span class=\"a-size-base po-break-word\">All<\/span><\/td>\n<\/tr>\n<tr class=\"a-spacing-small po-item_package_quantity\" role=\"listitem\">\n<td class=\"a-span3\" role=\"presentation\"><span class=\"a-size-base a-text-bold\">Item package quantity<\/span><\/td>\n<td class=\"a-span9\" role=\"presentation\"><span class=\"a-size-base po-break-word\">1<\/span><\/td>\n<\/tr>\n<tr class=\"a-spacing-small po-product_benefit\" role=\"listitem\">\n<td class=\"a-span3\" role=\"presentation\"><span class=\"a-size-base a-text-bold\">Product benefits<\/span><\/td>\n<td class=\"a-span9\" role=\"presentation\"><span class=\"a-size-base po-break-word\">Hydrating<\/span><\/td>\n<\/tr>\n<tr class=\"a-spacing-small po-item_form\" role=\"listitem\">\n<td class=\"a-span3\" role=\"presentation\"><span class=\"a-size-base a-text-bold\">Item form<\/span><\/td>\n<td class=\"a-span9\" role=\"presentation\"><span class=\"a-size-base po-break-word\">Gel<\/span><\/td>\n<\/tr>\n<tr class=\"a-spacing-small po-material_feature\" role=\"listitem\">\n<td class=\"a-span3\" role=\"presentation\"><span class=\"a-size-base a-text-bold\">Material feature<\/span><\/td>\n<td class=\"a-span9\" role=\"presentation\"><span class=\"a-size-base po-break-word\">Biodegradable<\/span><\/td>\n<\/tr>\n<tr class=\"a-spacing-small po-number_of_items\" role=\"listitem\">\n<td class=\"a-span3\" role=\"presentation\"><span class=\"a-size-base a-text-bold\">Number of items<\/span><\/td>\n<td class=\"a-span9\" role=\"presentation\"><span class=\"a-size-base po-break-word\">1<\/span><\/td>\n<\/tr>\n<tr class=\"a-spacing-small po-unit_count\" role=\"listitem\">\n<td class=\"a-span3\" role=\"presentation\"><span class=\"a-size-base a-text-bold\">Unit count<\/span><\/td>\n<td class=\"a-span9\" role=\"presentation\"><span class=\"a-size-base po-break-word\">750 millilitre(s)<\/span><\/td>\n<\/tr>\n<\/tbody>\n<\/table>\n","protected":false},"featured_media":71267,"comment_status":"open","ping_status":"closed","template":"","meta":[],"product_brand":[],"product_cat":[52744,52745],"product_tag":[53695,53696,37456,53697],"class_list":{"0":"post-157914","1":"product","2":"type-product","3":"status-publish","4":"has-post-thumbnail","6":"product_cat-other","7":"product_cat-parapharmacy","8":"product_tag-dermatological-gel","9":"product_tag-genove-genocutan-gel-dermatologico","10":"product_tag-sensitive-skin-cleanser","11":"product_tag-soothing-cleansing-gel","13":"first","14":"instock","15":"sale","16":"taxable","17":"shipping-taxable","18":"purchasable","19":"product-type-simple"},"_links":{"self":[{"href":"https:\/\/staging.martapremium.com\/fr\/wp-json\/wp\/v2\/product\/157914","targetHints":{"allow":["GET"]}}],"collection":[{"href":"https:\/\/staging.martapremium.com\/fr\/wp-json\/wp\/v2\/product"}],"about":[{"href":"https:\/\/staging.martapremium.com\/fr\/wp-json\/wp\/v2\/types\/product"}],"replies":[{"embeddable":true,"href":"https:\/\/staging.martapremium.com\/fr\/wp-json\/wp\/v2\/comments?post=157914"}],"wp:featuredmedia":[{"embeddable":true,"href":"https:\/\/staging.martapremium.com\/fr\/wp-json\/wp\/v2\/media\/71267"}],"wp:attachment":[{"href":"https:\/\/staging.martapremium.com\/fr\/wp-json\/wp\/v2\/media?parent=157914"}],"wp:term":[{"taxonomy":"product_brand","embeddable":true,"href":"https:\/\/staging.martapremium.com\/fr\/wp-json\/wp\/v2\/product_brand?post=157914"},{"taxonomy":"product_cat","embeddable":true,"href":"https:\/\/staging.martapremium.com\/fr\/wp-json\/wp\/v2\/product_cat?post=157914"},{"taxonomy":"product_tag","embeddable":true,"href":"https:\/\/staging.martapremium.com\/fr\/wp-json\/wp\/v2\/product_tag?post=157914"}],"curies":[{"name":"wp","href":"https:\/\/api.w.org\/{rel}","templated":true}]}}