{"id":154659,"date":"2026-01-02T08:07:38","date_gmt":"2026-01-02T08:07:38","guid":{"rendered":"https:\/\/martapremium.com\/product\/naturgreen-semilla-de-chia-500g\/"},"modified":"2026-01-02T08:07:39","modified_gmt":"2026-01-02T08:07:39","slug":"naturgreen-semilla-de-chia-500g","status":"publish","type":"product","link":"https:\/\/staging.martapremium.com\/fr\/product\/naturgreen-semilla-de-chia-500g\/","title":{"rendered":"Naturgreen Semilla De Chia 500g"},"content":{"rendered":"<p data-start=\"565\" data-end=\"904\">Naturgreen Semilla de Ch\u00eda Bio 500 g es un superalimento vers\u00e1til y nutritivo. Cultivadas bajo normativa ecol\u00f3gica, estas semillas de <em data-start=\"699\" data-end=\"717\">Salvia hispanica<\/em> ofrecen un alto contenido de fibra (\u224828 g \/100 g), prote\u00edna vegetal (\u224821.5 g \/100 g), grasas saludables (omega-3) y bajo nivel de az\u00facares a\u00f1adidos. <span class=\"\" data-state=\"closed\"><span class=\"ms-1 inline-flex max-w-full items-center relative top-[-0.094rem] animate-[show_150ms_ease-in]\" data-testid=\"webpage-citation-pill\"><a class=\"flex h-4.5 overflow-hidden rounded-xl px-2 text-[9px] font-medium transition-colors duration-150 ease-in-out text-token-text-secondary! bg-[#F4F4F4]! dark:bg-[#303030]!\" href=\"https:\/\/naturgreen.es\/producto\/naturgreen-semillas-de-chia-bio-500-g\/?utm_source=chatgpt.com\" target=\"_blank\" rel=\"noopener\"><span class=\"relative start-0 bottom-0 flex h-full w-full items-center\"><span class=\"flex h-4 w-full items-center justify-between\"><span class=\"max-w-[15ch] grow truncate overflow-hidden text-center\">NaturGreen &#8211; Guardianes de la Salud<\/span><span class=\"-me-1 flex h-full items-center rounded-full px-1 text-[#8F8F8F]\">+1<\/span><\/span><\/span><\/a><\/span><\/span><\/p>\n<p data-start=\"906\" data-end=\"1168\">Pueden utilizarse directamente en yogures, batidos, ensaladas o mezcladas en panes y postres. Si se dejan en l\u00edquido unos minutos, absorben agua y forman gel, siendo \u00fatiles incluso como sustituto de huevo en recetas veganas. <span class=\"\" data-state=\"closed\"><span class=\"ms-1 inline-flex max-w-full items-center relative top-[-0.094rem] animate-[show_150ms_ease-in]\" data-testid=\"webpage-citation-pill\"><a class=\"flex h-4.5 overflow-hidden rounded-xl px-2 text-[9px] font-medium transition-colors duration-150 ease-in-out text-token-text-secondary! bg-[#F4F4F4]! dark:bg-[#303030]!\" href=\"https:\/\/naturgreen.es\/producto\/naturgreen-semillas-de-chia-bio-500-g\/?utm_source=chatgpt.com\" target=\"_blank\" rel=\"noopener\"><span class=\"relative start-0 bottom-0 flex h-full w-full items-center\"><span class=\"flex h-4 w-full items-center justify-between overflow-hidden\"><span class=\"max-w-[15ch] grow truncate overflow-hidden text-center\">NaturGreen &#8211; Guardianes de la Salud<\/span><\/span><\/span><\/a><\/span><\/span><\/p>\n<p data-start=\"1170\" data-end=\"1295\">Este producto es apto para dietas veganas, sin gluten, y no contiene az\u00facares a\u00f1adidos.<\/p>\n","protected":false},"excerpt":{"rendered":"<table class=\"a-normal a-spacing-micro\" role=\"list\">\n<tbody>\n<tr class=\"a-spacing-small po-brand\" role=\"listitem\">\n<td class=\"a-span3\" role=\"presentation\"><span class=\"a-size-base a-text-bold\">Brand<\/span><\/td>\n<td class=\"a-span9\" role=\"presentation\"><span class=\"a-size-base po-break-word\">NaturGreen<\/span><\/td>\n<\/tr>\n<tr class=\"a-spacing-small po-item_form\" role=\"listitem\">\n<td class=\"a-span3\" role=\"presentation\"><span class=\"a-size-base a-text-bold\">Item form<\/span><\/td>\n<td class=\"a-span9\" role=\"presentation\"><span class=\"a-size-base po-break-word\">Poeder<\/span><\/td>\n<\/tr>\n<tr class=\"a-spacing-small po-manufacturer\" role=\"listitem\">\n<td class=\"a-span3\" role=\"presentation\"><span class=\"a-size-base a-text-bold\">Manufacturer<\/span><\/td>\n<td class=\"a-span9\" role=\"presentation\"><span class=\"a-size-base po-break-word\">NaturGreen<\/span><\/td>\n<\/tr>\n<tr class=\"a-spacing-small po-item_package_quantity\" role=\"listitem\">\n<td class=\"a-span3\" role=\"presentation\"><span class=\"a-size-base a-text-bold\">Item package quantity<\/span><\/td>\n<td class=\"a-span9\" role=\"presentation\"><span class=\"a-size-base po-break-word\">1<\/span><\/td>\n<\/tr>\n<tr class=\"a-spacing-small po-container.type\" role=\"listitem\">\n<td class=\"a-span3\" role=\"presentation\"><span class=\"a-size-base a-text-bold\">Package information<\/span><\/td>\n<td class=\"a-span9\" role=\"presentation\"><span class=\"a-size-base po-break-word\">Fles<\/span><\/td>\n<\/tr>\n<\/tbody>\n<\/table>\n","protected":false},"featured_media":68015,"comment_status":"open","ping_status":"closed","template":"","meta":[],"product_brand":[],"product_cat":[36727],"product_tag":[52725,52726,52727],"class_list":{"0":"post-154659","1":"product","2":"type-product","3":"status-publish","4":"has-post-thumbnail","6":"product_cat-chocolate-confectionary","7":"product_tag-omega-3-fibra","8":"product_tag-semillas-de-chia","9":"product_tag-superalimento-ecologico","11":"first","12":"instock","13":"sale","14":"taxable","15":"shipping-taxable","16":"purchasable","17":"product-type-simple"},"_links":{"self":[{"href":"https:\/\/staging.martapremium.com\/fr\/wp-json\/wp\/v2\/product\/154659","targetHints":{"allow":["GET"]}}],"collection":[{"href":"https:\/\/staging.martapremium.com\/fr\/wp-json\/wp\/v2\/product"}],"about":[{"href":"https:\/\/staging.martapremium.com\/fr\/wp-json\/wp\/v2\/types\/product"}],"replies":[{"embeddable":true,"href":"https:\/\/staging.martapremium.com\/fr\/wp-json\/wp\/v2\/comments?post=154659"}],"wp:featuredmedia":[{"embeddable":true,"href":"https:\/\/staging.martapremium.com\/fr\/wp-json\/wp\/v2\/media\/68015"}],"wp:attachment":[{"href":"https:\/\/staging.martapremium.com\/fr\/wp-json\/wp\/v2\/media?parent=154659"}],"wp:term":[{"taxonomy":"product_brand","embeddable":true,"href":"https:\/\/staging.martapremium.com\/fr\/wp-json\/wp\/v2\/product_brand?post=154659"},{"taxonomy":"product_cat","embeddable":true,"href":"https:\/\/staging.martapremium.com\/fr\/wp-json\/wp\/v2\/product_cat?post=154659"},{"taxonomy":"product_tag","embeddable":true,"href":"https:\/\/staging.martapremium.com\/fr\/wp-json\/wp\/v2\/product_tag?post=154659"}],"curies":[{"name":"wp","href":"https:\/\/api.w.org\/{rel}","templated":true}]}}