{"id":153994,"date":"2025-12-26T12:32:44","date_gmt":"2025-12-26T12:32:44","guid":{"rendered":"https:\/\/martapremium.com\/product\/estee-lauder-perfectionist-pro-serum-de-tratamiento-iluminador-rapido-50ml\/"},"modified":"2025-12-26T12:33:30","modified_gmt":"2025-12-26T12:33:30","slug":"estee-lauder-perfectionist-pro-serum-de-tratamiento-iluminador-rapido-50ml","status":"publish","type":"product","link":"https:\/\/staging.martapremium.com\/fr\/product\/estee-lauder-perfectionist-pro-serum-de-tratamiento-iluminador-rapido-50ml\/","title":{"rendered":"Est\u00e9e Lauder Perfectionist Pro S\u00e9rum De Tratamiento Iluminador R\u00e1pido 50ml"},"content":{"rendered":"<div id=\"bottomRow\">\n<div id=\"richProductDescription_feature_div\" class=\"celwidget\" data-feature-name=\"richProductDescription\" data-csa-c-type=\"widget\" data-csa-c-content-id=\"richProductDescription\" data-csa-c-slot-id=\"richProductDescription_feature_div\" data-csa-c-asin=\"B0DB9TM735\" data-csa-c-is-in-initial-active-row=\"false\" data-csa-c-id=\"msgm3g-560p5z-c67sq1-66haxt\" data-cel-widget=\"richProductDescription_feature_div\">\n<div id=\"visual-rich-product-description\" class=\"a-section a-spacing-extra-large a-spacing-top-extra-large\">\n<div class=\"a-row\">\n<div class=\"a-column a-span4\">\n<div class=\"a-section a-text-left visualRpdColumnSmall firstColumn\">\n<h4 class=\"a-size-medium a-color-base visualRpdTitle\">Description<\/h4>\n<div class=\"a-fixed-left-grid\">\n<div class=\"a-fixed-left-grid-inner\">\n<div class=\"a-fixed-left-grid-col visualRpdIconSection a-col-left\">\n<div class=\"a-section a-spacing-none visualRpdIcon icon-description\">Triple-active power. Inspired by professional treatments, this Vitamin C powered serum rapidly ignites skin&#8217;s radiance and targets multiple types of dark spots to reveal a more even-toned look. Skin glows with luminosity.<\/div>\n<\/div>\n<\/div>\n<\/div>\n<\/div>\n<\/div>\n<div class=\"a-column a-span4\">\n<div class=\"a-section a-text-left visualRpdColumnSmall unspecifiedColumn\">\n<h4 class=\"a-size-medium a-color-base visualRpdTitle\">Benefits<\/h4>\n<div class=\"a-fixed-left-grid\">\n<div class=\"a-fixed-left-grid-inner\">\n<div class=\"a-fixed-left-grid-col visualRpdIconSection a-col-left\">\n<div class=\"a-section a-spacing-none visualRpdIcon icon-benefits\">Vitamin C serum boosts radiance. Visibly reduces dark spots, pores. Lightweight. Feels fresh. Ultra hydrating.<\/div>\n<\/div>\n<\/div>\n<\/div>\n<\/div>\n<\/div>\n<div class=\"a-column a-span4 a-span-last\">\n<div class=\"a-section a-text-left visualRpdColumnSmall lastColumn\">\n<h4 class=\"a-size-medium a-color-base visualRpdTitle\">Suggested use<\/h4>\n<div class=\"a-fixed-left-grid\">\n<div class=\"a-fixed-left-grid-inner\">\n<div class=\"a-fixed-left-grid-col visualRpdIconSection a-col-left\">\n<div class=\"a-section a-spacing-none visualRpdIcon icon-suggesteduse\">AM &amp; PM: Apply on clean skin before your moisturizer for radiant, glowing skin. Avoid eye area. Since UV exposure can lead to the appearance of spots\/skin discolorations, it is essential to follow with UV protection.<\/div>\n<\/div>\n<\/div>\n<\/div>\n<\/div>\n<\/div>\n<\/div>\n<\/div>\n<\/div>\n<\/div>\n<div id=\"beautyRecommendations_feature_div\" class=\"celwidget\" data-feature-name=\"beautyRecommendations\" data-csa-c-type=\"widget\" data-csa-c-content-id=\"beautyRecommendations\" data-csa-c-slot-id=\"beautyRecommendations_feature_div\" data-csa-c-asin=\"\" data-csa-c-is-in-initial-active-row=\"false\" data-csa-c-id=\"jbl8fm-c2yvps-clqg08-cizcyf\" data-cel-widget=\"beautyRecommendations_feature_div\"><\/div>\n<div id=\"bundleComponentDetails_feature_div\" class=\"celwidget\" data-feature-name=\"bundleComponentDetails\" data-csa-c-type=\"widget\" data-csa-c-content-id=\"bundleComponentDetails\" data-csa-c-slot-id=\"bundleComponentDetails_feature_div\" data-csa-c-asin=\"\" data-csa-c-is-in-initial-active-row=\"false\" data-csa-c-id=\"7x2gna-j5amsr-tn7c0q-vsf0l8\" data-cel-widget=\"bundleComponentDetails_feature_div\"><\/div>\n<div id=\"sims-productBundle_feature_div_01\" class=\"celwidget\" data-feature-name=\"sims-productBundle\" data-csa-c-type=\"widget\" data-csa-c-content-id=\"sims-productBundle\" data-csa-c-slot-id=\"sims-productBundle_feature_div_01\" data-csa-c-asin=\"\" data-csa-c-is-in-initial-active-row=\"false\" data-csa-c-id=\"tmk5wm-wv3rvf-zb61bt-fbdocj\" data-cel-widget=\"sims-productBundle_feature_div_01\"><\/div>\n<div id=\"sims-groceryBundle_feature_div_01\" class=\"celwidget\" data-feature-name=\"sims-groceryBundle\" data-csa-c-type=\"widget\" data-csa-c-content-id=\"sims-groceryBundle\" data-csa-c-slot-id=\"sims-groceryBundle_feature_div_01\" data-csa-c-asin=\"\" data-csa-c-is-in-initial-active-row=\"false\" data-csa-c-id=\"a78bvq-nnkarx-xkxekw-4i4iuw\" data-cel-widget=\"sims-groceryBundle_feature_div_01\"><\/div>\n<div id=\"sims-simsContainer_feature_div_01\" class=\"celwidget\" data-feature-name=\"sims-simsContainer\" data-csa-c-type=\"widget\" data-csa-c-content-id=\"sims-simsContainer\" data-csa-c-slot-id=\"sims-simsContainer_feature_div_01\" data-csa-c-asin=\"\" data-csa-c-is-in-initial-active-row=\"false\" data-csa-c-id=\"75sxcx-za32el-fwm4zj-yx98ja\" data-cel-widget=\"sims-simsContainer_feature_div_01\">\n<div class=\"celwidget pd_rd_w-Ao3JI content-id-amzn1.sym.2cd14f8d-eb5c-4042-b934-4a05eafd2874 pf_rd_p-2cd14f8d-eb5c-4042-b934-4a05eafd2874 pf_rd_r-TV5WWN88WX9P8YE5PMH6 pd_rd_wg-wtCyL pd_rd_r-1eaa2f82-97e1-4cf0-a774-f844d346028c c-f\" data-csa-op-log-render=\"\" data-csa-c-content-id=\"amzn1.sym.2cd14f8d-eb5c-4042-b934-4a05eafd2874\" data-csa-c-slot-id=\"sims-container-1\" data-csa-c-type=\"widget\" data-csa-c-painter=\"p13n-desktop-carousel-cards\" data-csa-c-id=\"uqodhy-hts6l7-623ss6-bhx8na\" data-cel-widget=\"p13n-desktop-carousel_DetailPage_0\"><\/div>\n<\/div>\n","protected":false},"excerpt":{"rendered":"<table class=\"a-normal a-spacing-micro\" role=\"list\">\n<tbody>\n<tr class=\"a-spacing-small po-skin_type\" role=\"listitem\">\n<td class=\"a-span3\" role=\"presentation\"><span class=\"a-size-base a-text-bold\">Skin Type<\/span><\/td>\n<td class=\"a-span9\" role=\"presentation\"><span class=\"a-size-base po-break-word\">All<\/span><\/td>\n<\/tr>\n<tr class=\"a-spacing-small po-product_benefit\" role=\"listitem\">\n<td class=\"a-span3\" role=\"presentation\"><span class=\"a-size-base a-text-bold\">Product Benefits<\/span><\/td>\n<td class=\"a-span9\" role=\"presentation\"><span class=\"a-size-base\"><span class=\"a-truncate po-truncate-attribute\" data-a-word-break=\"normal\" data-a-truncate-name=\"po-attribute-truncate-1\" data-a-max-rows=\"3\" data-a-overflow-marker=\"&amp;hellip;\" data-a-recalculate=\"false\" data-a-updated=\"true\"><span class=\"a-truncate-full a-offscreen\">Vitamin C serum boosts radiance. Visibly reduces dark spots, pores. Lightweight. Feels fresh. Ultra hydrating.<\/span><span class=\"a-truncate-cut\" aria-hidden=\"true\">Vitamin C serum boosts radiance. Visibly reduces dark spots, pores. Lightweight. Feels fresh. Ultra hydrating.<\/span><\/span><\/span><\/td>\n<\/tr>\n<tr class=\"a-spacing-small po-target_use_body_part\" role=\"listitem\">\n<td class=\"a-span3\" role=\"presentation\"><span class=\"a-size-base a-text-bold\">Use for<\/span><\/td>\n<td class=\"a-span9\" role=\"presentation\"><span class=\"a-size-base po-break-word\">Face<\/span><\/td>\n<\/tr>\n<tr class=\"a-spacing-small po-scent\" role=\"listitem\">\n<td class=\"a-span3\" role=\"presentation\"><span class=\"a-size-base a-text-bold\">Scent<\/span><\/td>\n<td class=\"a-span9\" role=\"presentation\"><span class=\"a-size-base po-break-word\">Fragrance Free<\/span><\/td>\n<\/tr>\n<tr class=\"a-spacing-small po-special_ingredients\" role=\"listitem\">\n<td class=\"a-span3\" role=\"presentation\"><span class=\"a-size-base a-text-bold\">Special Ingredients<\/span><\/td>\n<td class=\"a-span9\" role=\"presentation\"><span class=\"a-size-base po-break-word\">Vitamin C<\/span><\/td>\n<\/tr>\n<\/tbody>\n<\/table>\n","protected":false},"featured_media":67490,"comment_status":"open","ping_status":"closed","template":"","meta":[],"product_brand":[],"product_cat":[36727,36805,36791],"product_tag":[52488,48494,52489,45117],"class_list":{"0":"post-153994","1":"product","2":"type-product","3":"status-publish","4":"has-post-thumbnail","6":"product_cat-chocolate-confectionary","7":"product_cat-primer-setting-spray","8":"product_cat-serums-masks","9":"product_tag-anti-dark-spot-treatment","10":"product_tag-brightening-serum","11":"product_tag-estee-lauder-perfectionist-pro","12":"product_tag-estee-lauder-skincare","14":"first","15":"instock","16":"sale","17":"taxable","18":"shipping-taxable","19":"purchasable","20":"product-type-simple"},"_links":{"self":[{"href":"https:\/\/staging.martapremium.com\/fr\/wp-json\/wp\/v2\/product\/153994","targetHints":{"allow":["GET"]}}],"collection":[{"href":"https:\/\/staging.martapremium.com\/fr\/wp-json\/wp\/v2\/product"}],"about":[{"href":"https:\/\/staging.martapremium.com\/fr\/wp-json\/wp\/v2\/types\/product"}],"replies":[{"embeddable":true,"href":"https:\/\/staging.martapremium.com\/fr\/wp-json\/wp\/v2\/comments?post=153994"}],"wp:featuredmedia":[{"embeddable":true,"href":"https:\/\/staging.martapremium.com\/fr\/wp-json\/wp\/v2\/media\/67490"}],"wp:attachment":[{"href":"https:\/\/staging.martapremium.com\/fr\/wp-json\/wp\/v2\/media?parent=153994"}],"wp:term":[{"taxonomy":"product_brand","embeddable":true,"href":"https:\/\/staging.martapremium.com\/fr\/wp-json\/wp\/v2\/product_brand?post=153994"},{"taxonomy":"product_cat","embeddable":true,"href":"https:\/\/staging.martapremium.com\/fr\/wp-json\/wp\/v2\/product_cat?post=153994"},{"taxonomy":"product_tag","embeddable":true,"href":"https:\/\/staging.martapremium.com\/fr\/wp-json\/wp\/v2\/product_tag?post=153994"}],"curies":[{"name":"wp","href":"https:\/\/api.w.org\/{rel}","templated":true}]}}